{"id":7,"date":"2023-06-13T11:55:15","date_gmt":"2023-06-13T09:55:15","guid":{"rendered":"https:\/\/hronek-skrine.cz\/?page_id=7"},"modified":"2024-05-11T17:38:16","modified_gmt":"2024-05-11T15:38:16","slug":"uvod","status":"publish","type":"page","link":"https:\/\/hronek-skrine.cz\/?page_id=7","title":{"rendered":"O N\u00c1S"},"content":{"rendered":"\n<p class=\"has-text-align-left\">          Jsme mal\u00e1 \u010desk\u00e1 rodinn\u00e1 firma dvou kamar\u00e1du z Prahy, kte\u0159\u00ed se p\u0159ed v\u00edce ne\u017e 30 lety rozhodli spole\u010dn\u011b podnikat ve v\u00fdrob\u011b a mont\u00e1\u017ei n\u00e1bytku na m\u00edru. Od t\u00e9 doby jsme \u00fasp\u011b\u0161n\u011b realizovali ji\u017e stovky mont\u00e1\u017e\u00ed nejr\u016fzn\u011bj\u0161\u00edho druhu n\u00e1bytku p\u0159ev\u00e1\u017en\u011b z lamino desek. Mont\u00e1\u017ee prov\u00e1d\u00edme p\u0159ev\u00e1\u017en\u011b na \u00fazem\u00ed hl. m. Prahy a St\u0159edo\u010desk\u00e9m kraji, ale nen\u00ed pro n\u00e1s probl\u00e9m prakticky kdekoliv. Jeliko\u017e si potrp\u00edme na kvalitu, tak pro v\u00fdrobu n\u00e1bytku zpracov\u00e1v\u00e1me materi\u00e1l p\u0159ev\u00e1\u017en\u011b od ov\u011b\u0159en\u00fdch v\u00fdrobc\u016f jako jsou Kronospan CR s.r.o., Egger CZ s.r.o. a dal\u0161\u00edch. K v\u00fdrob\u011b pou\u017e\u00edv\u00e1me vlastn\u00ed form\u00e1tovac\u00ed pilu, olepova\u010dku hran a dal\u0161\u00ed zna\u010dkov\u00e9 n\u00e1\u0159ad\u00ed, tud\u00ed\u017e nejsme ni\u010d\u00edm limitov\u00e1ni.<\/p>\n\n\n\n<p>          K na\u0161\u00ed filozofii pat\u0159\u00ed, \u017ee kdy\u017e se n\u011bco d\u011bl\u00e1 kvalitn\u011b a po\u0159\u00e1dn\u011b, tak to vede ke spokojenosti z\u00e1kazn\u00edka a ka\u017ed\u00fd takov\u00fd z\u00e1kazn\u00edk je i n\u00e1\u0161 budouc\u00ed z\u00e1kazn\u00edk. V r\u00e1mci tohoto p\u0159\u00edstupu nepo\u017eadujeme \u017e\u00e1dn\u00e9 platby za zam\u011b\u0159en\u00ed, n\u00e1vrh, nacen\u011bn\u00ed, mont\u00e1\u017e, odvoz star\u00e9ho n\u00e1bytku a zpravidla ani z\u00e1lohovou platbu. V r\u00e1mci zam\u011b\u0159en\u00ed u klienta doporu\u010d\u00edme nejvhodn\u011bj\u0161\u00ed produkt s ohledem na praktickou str\u00e1nku u\u017e\u00edv\u00e1n\u00ed.\u00a0<\/p>\n\n\n\n<p>Ji\u0159\u00ed Hronek, Ale\u0161 V\u00e1cha a kolektiv<\/p>\n","protected":false},"excerpt":{"rendered":"<p>Jsme mal\u00e1 \u010desk\u00e1 rodinn\u00e1 firma dvou kamar\u00e1du z Prahy, kte\u0159\u00ed se p\u0159ed v\u00edce ne\u017e 30 lety rozhodli spole\u010dn\u011b podnikat ve v\u00fdrob\u011b a mont\u00e1\u017ei n\u00e1bytku na m\u00edru. Od t\u00e9 doby jsme \u00fasp\u011b\u0161n\u011b realizovali ji\u017e stovky mont\u00e1\u017e\u00ed nejr\u016fzn\u011bj\u0161\u00edho druhu n\u00e1bytku p\u0159ev\u00e1\u017en\u011b z lamino desek. Mont\u00e1\u017ee prov\u00e1d\u00edme p\u0159ev\u00e1\u017en\u011b na \u00fazem\u00ed hl. m. Prahy a St\u0159edo\u010desk\u00e9m kraji, ale nen\u00ed [&hellip;]<\/p>\n","protected":false},"author":1,"featured_media":0,"parent":0,"menu_order":0,"comment_status":"closed","ping_status":"closed","template":"","meta":{"footnotes":""},"class_list":["post-7","page","type-page","status-publish","hentry"],"_links":{"self":[{"href":"https:\/\/hronek-skrine.cz\/index.php?rest_route=\/wp\/v2\/pages\/7","targetHints":{"allow":["GET"]}}],"collection":[{"href":"https:\/\/hronek-skrine.cz\/index.php?rest_route=\/wp\/v2\/pages"}],"about":[{"href":"https:\/\/hronek-skrine.cz\/index.php?rest_route=\/wp\/v2\/types\/page"}],"author":[{"embeddable":true,"href":"https:\/\/hronek-skrine.cz\/index.php?rest_route=\/wp\/v2\/users\/1"}],"replies":[{"embeddable":true,"href":"https:\/\/hronek-skrine.cz\/index.php?rest_route=%2Fwp%2Fv2%2Fcomments&post=7"}],"version-history":[{"count":5,"href":"https:\/\/hronek-skrine.cz\/index.php?rest_route=\/wp\/v2\/pages\/7\/revisions"}],"predecessor-version":[{"id":241,"href":"https:\/\/hronek-skrine.cz\/index.php?rest_route=\/wp\/v2\/pages\/7\/revisions\/241"}],"wp:attachment":[{"href":"https:\/\/hronek-skrine.cz\/index.php?rest_route=%2Fwp%2Fv2%2Fmedia&parent=7"}],"curies":[{"name":"wp","href":"https:\/\/api.w.org\/{rel}","templated":true}]}}