{"id":233,"date":"2024-05-11T17:30:14","date_gmt":"2024-05-11T15:30:14","guid":{"rendered":"https:\/\/hronek-skrine.cz\/?page_id=233"},"modified":"2024-05-11T17:35:56","modified_gmt":"2024-05-11T15:35:56","slug":"materialy","status":"publish","type":"page","link":"https:\/\/hronek-skrine.cz\/?page_id=233","title":{"rendered":"MATERI\u00c1LY"},"content":{"rendered":"\n<p>Jeliko\u017e odeb\u00edr\u00e1me materi\u00e1l od spole\u010dnost\u00ed Kronospan CR s.r.o. a Egger CZ s.r.o., tak n\u00ed\u017ee p\u0159ikl\u00e1d\u00e1me odkazy p\u0159\u00edmo na str\u00e1nky v\u00fdborc\u016f barevn\u00fdch dekor\u016f, kter\u00e9 pou\u017e\u00edv\u00e1me.<\/p>\n\n\n\n<p>1) Laminovan\u00e9 desky:<\/p>\n\n\n\n<p><a href=\"https:\/\/kronospan.com\/cs_CZ\/products\/view\/kronodesign\/laminovane-desky\/laminovane-d-evot-iskove-desky\/-1\">LAMINOVAN\u00c9 DEVOT\u0158\u00cdKOV\u00c9 DESKY<\/a><\/p>\n\n\n\n<p><a href=\"https:\/\/www.egger.com\/cs\/interior\/decors?country=CZ\">https:\/\/www.egger.com\/cs\/interior\/decors?country=CZ<\/a><\/p>\n\n\n\n<p>2) Pracovn\u00ed desky (kuchy\u0148sk\u00e9 desky):<\/p>\n\n\n\n<p><a href=\"https:\/\/kronospan.com\/cs_CZ\/highlights\/worktops_collection\">https:\/\/kronospan.com\/cs_CZ\/highlights\/worktops_collection<\/a><\/p>\n\n\n\n<p><a href=\"https:\/\/kronospan.com\/cs_CZ\/products\/by_category\/kronodesign\/avant-garde#!#page=2&amp;!%23c=12,104,20,1173,1178,6\">https:\/\/kronospan.com\/cs_CZ\/products\/by_category\/kronodesign\/avant-garde#!#page=2&amp;!%23c=12,104,20,1173,1178,6<\/a><\/p>\n\n\n\n<p><a href=\"https:\/\/www.egger.com\/cs\/produkty\/vyroba-nabytku-a-interieru\/kolekce-dekorativnich-materialu\/nabidka-dekoru\/pracovni-desky?gclid=Cj0KCQjw4vKpBhCZARIsAOKHoWS0-MUe8XGSVxJBR5A28X40k3UOTnN04CP5r9mN28tLvkWsoJcSUM8aAqHNEALw_wcB&amp;country=CZ\">https:\/\/www.egger.com\/cs\/produkty\/vyroba-nabytku-a-interieru\/kolekce-dekorativnich-materialu\/nabidka-dekoru\/pracovni-desky?gclid=Cj0KCQjw4vKpBhCZARIsAOKHoWS0-MUe8XGSVxJBR5A28X40k3UOTnN04CP5r9mN28tLvkWsoJcSUM8aAqHNEALw_wcB&amp;country=CZ<\/a><\/p>\n","protected":false},"excerpt":{"rendered":"<p>Jeliko\u017e odeb\u00edr\u00e1me materi\u00e1l od spole\u010dnost\u00ed Kronospan CR s.r.o. a Egger CZ s.r.o., tak n\u00ed\u017ee p\u0159ikl\u00e1d\u00e1me odkazy p\u0159\u00edmo na str\u00e1nky v\u00fdborc\u016f barevn\u00fdch dekor\u016f, kter\u00e9 pou\u017e\u00edv\u00e1me. 1) Laminovan\u00e9 desky: LAMINOVAN\u00c9 DEVOT\u0158\u00cdKOV\u00c9 DESKY https:\/\/www.egger.com\/cs\/interior\/decors?country=CZ 2) Pracovn\u00ed desky (kuchy\u0148sk\u00e9 desky): https:\/\/kronospan.com\/cs_CZ\/highlights\/worktops_collection https:\/\/kronospan.com\/cs_CZ\/products\/by_category\/kronodesign\/avant-garde#!#page=2&amp;!%23c=12,104,20,1173,1178,6 https:\/\/www.egger.com\/cs\/produkty\/vyroba-nabytku-a-interieru\/kolekce-dekorativnich-materialu\/nabidka-dekoru\/pracovni-desky?gclid=Cj0KCQjw4vKpBhCZARIsAOKHoWS0-MUe8XGSVxJBR5A28X40k3UOTnN04CP5r9mN28tLvkWsoJcSUM8aAqHNEALw_wcB&amp;country=CZ<\/p>\n","protected":false},"author":1,"featured_media":0,"parent":0,"menu_order":2,"comment_status":"closed","ping_status":"closed","template":"","meta":{"footnotes":""},"class_list":["post-233","page","type-page","status-publish","hentry"],"_links":{"self":[{"href":"https:\/\/hronek-skrine.cz\/index.php?rest_route=\/wp\/v2\/pages\/233","targetHints":{"allow":["GET"]}}],"collection":[{"href":"https:\/\/hronek-skrine.cz\/index.php?rest_route=\/wp\/v2\/pages"}],"about":[{"href":"https:\/\/hronek-skrine.cz\/index.php?rest_route=\/wp\/v2\/types\/page"}],"author":[{"embeddable":true,"href":"https:\/\/hronek-skrine.cz\/index.php?rest_route=\/wp\/v2\/users\/1"}],"replies":[{"embeddable":true,"href":"https:\/\/hronek-skrine.cz\/index.php?rest_route=%2Fwp%2Fv2%2Fcomments&post=233"}],"version-history":[{"count":3,"href":"https:\/\/hronek-skrine.cz\/index.php?rest_route=\/wp\/v2\/pages\/233\/revisions"}],"predecessor-version":[{"id":236,"href":"https:\/\/hronek-skrine.cz\/index.php?rest_route=\/wp\/v2\/pages\/233\/revisions\/236"}],"wp:attachment":[{"href":"https:\/\/hronek-skrine.cz\/index.php?rest_route=%2Fwp%2Fv2%2Fmedia&parent=233"}],"curies":[{"name":"wp","href":"https:\/\/api.w.org\/{rel}","templated":true}]}}